{"id":1107,"date":"2025-06-16T16:15:09","date_gmt":"2025-06-16T19:15:09","guid":{"rendered":"https:\/\/www.gimco.fr\/?post_type=product&#038;p=1107"},"modified":"2025-06-16T16:18:54","modified_gmt":"2025-06-16T19:18:54","slug":"centrifugeuse-paillasse-rotina-380r","status":"publish","type":"product","link":"https:\/\/www.gimco.fr\/index.php\/produit\/centrifugeuse-paillasse-rotina-380r\/","title":{"rendered":"Centrifugeuse de paillasse ROTINA 380 | 380R"},"content":{"rendered":"<p>Centrifugeuse haute performance avec un grand nombre d\u2019accessoires pour s\u2019adapter aux applications les plus diverses. Sa taille et sa puissance en font une centrifugeuse de paillasse id\u00e9ale pour les laboratoires sp\u00e9cialis\u00e9s en recherche clinique ainsi que pour l\u2019industrie.<\/p>\n<p>Le mod\u00e8le 380 est disponible en ventil\u00e9 et r\u00e9frig\u00e9r\u00e9, elle est id\u00e9ale pour les laboratoires moyens et \u00e0 haut rendement traitant de grandes quantit\u00e9s de tubes de pr\u00e9l\u00e8vement sanguin, dans des rotors libres et des rotors angulaires.<\/p>\n","protected":false},"excerpt":{"rendered":"<p>Centrifugeuse haute performance avec un grand nombre d\u2019accessoires pour s\u2019adapter aux applications les plus diverses. Sa taille et sa puissance en font une centrifugeuse de paillasse id\u00e9ale pour les laboratoires sp\u00e9cialis\u00e9s en recherche clinique ainsi que pour l\u2019industrie. Le mod\u00e8le 380 est disponible en ventil\u00e9 et r\u00e9frig\u00e9r\u00e9, elle est id\u00e9ale pour les laboratoires moyens et&hellip;<\/p>\n","protected":false},"featured_media":1108,"template":"","meta":[],"product_brand":[],"product_cat":[30],"product_tag":[],"class_list":{"0":"post-1107","1":"product","2":"type-product","3":"status-publish","4":"has-post-thumbnail","6":"product_cat-hettichlab","8":"first","9":"instock","10":"shipping-taxable","11":"product-type-simple"},"yoast_head":"<!-- This site is optimized with the Yoast SEO plugin v27.5 - https:\/\/yoast.com\/product\/yoast-seo-wordpress\/ -->\n<title>Centrifugeuse de paillasse ROTINA 380 | 380R - GIMCO<\/title>\n<meta name=\"description\" content=\"Centrifugeuse de paillasse ROTINA ventil\u00e9 380 ou r\u00e9frig\u00e9r\u00e9e 380R. Disponible avec Rotor angulaire et rotor libre (\u00e9toile).\" \/>\n<meta name=\"robots\" content=\"index, follow, max-snippet:-1, max-image-preview:large, max-video-preview:-1\" \/>\n<link rel=\"canonical\" href=\"https:\/\/www.gimco.fr\/index.php\/produit\/centrifugeuse-paillasse-rotina-380r\/\" \/>\n<meta property=\"og:locale\" content=\"fr_FR\" \/>\n<meta property=\"og:type\" content=\"article\" \/>\n<meta property=\"og:title\" content=\"Centrifugeuse de paillasse ROTINA 380 | 380R - GIMCO\" \/>\n<meta property=\"og:description\" content=\"Centrifugeuse de paillasse ROTINA ventil\u00e9 380 ou r\u00e9frig\u00e9r\u00e9e 380R. Disponible avec Rotor angulaire et rotor libre (\u00e9toile).\" \/>\n<meta property=\"og:url\" content=\"https:\/\/www.gimco.fr\/index.php\/produit\/centrifugeuse-paillasse-rotina-380r\/\" \/>\n<meta property=\"og:site_name\" content=\"GIMCO\" \/>\n<meta property=\"article:modified_time\" content=\"2025-06-16T19:18:54+00:00\" \/>\n<meta property=\"og:image\" content=\"https:\/\/www.gimco.fr\/wp-content\/uploads\/2025\/06\/csm_Rotina380_rgb_a9d4593ac6.webp\" \/>\n\t<meta property=\"og:image:width\" content=\"420\" \/>\n\t<meta property=\"og:image:height\" content=\"600\" \/>\n\t<meta property=\"og:image:type\" content=\"image\/webp\" \/>\n<meta name=\"twitter:card\" content=\"summary_large_image\" \/>\n<meta name=\"twitter:label1\" content=\"Dur\u00e9e de lecture estim\u00e9e\" \/>\n\t<meta name=\"twitter:data1\" content=\"1 minute\" \/>\n<script type=\"application\/ld+json\" class=\"yoast-schema-graph\">{\"@context\":\"https:\\\/\\\/schema.org\",\"@graph\":[{\"@type\":\"WebPage\",\"@id\":\"https:\\\/\\\/www.gimco.fr\\\/index.php\\\/produit\\\/centrifugeuse-paillasse-rotina-380r\\\/\",\"url\":\"https:\\\/\\\/www.gimco.fr\\\/index.php\\\/produit\\\/centrifugeuse-paillasse-rotina-380r\\\/\",\"name\":\"Centrifugeuse de paillasse ROTINA 380 | 380R - GIMCO\",\"isPartOf\":{\"@id\":\"https:\\\/\\\/www.gimco.fr\\\/#website\"},\"primaryImageOfPage\":{\"@id\":\"https:\\\/\\\/www.gimco.fr\\\/index.php\\\/produit\\\/centrifugeuse-paillasse-rotina-380r\\\/#primaryimage\"},\"image\":{\"@id\":\"https:\\\/\\\/www.gimco.fr\\\/index.php\\\/produit\\\/centrifugeuse-paillasse-rotina-380r\\\/#primaryimage\"},\"thumbnailUrl\":\"https:\\\/\\\/www.gimco.fr\\\/wp-content\\\/uploads\\\/2025\\\/06\\\/csm_Rotina380_rgb_a9d4593ac6.webp\",\"datePublished\":\"2025-06-16T19:15:09+00:00\",\"dateModified\":\"2025-06-16T19:18:54+00:00\",\"description\":\"Centrifugeuse de paillasse ROTINA ventil\u00e9 380 ou r\u00e9frig\u00e9r\u00e9e 380R. Disponible avec Rotor angulaire et rotor libre (\u00e9toile).\",\"breadcrumb\":{\"@id\":\"https:\\\/\\\/www.gimco.fr\\\/index.php\\\/produit\\\/centrifugeuse-paillasse-rotina-380r\\\/#breadcrumb\"},\"inLanguage\":\"fr-FR\",\"potentialAction\":[{\"@type\":\"ReadAction\",\"target\":[\"https:\\\/\\\/www.gimco.fr\\\/index.php\\\/produit\\\/centrifugeuse-paillasse-rotina-380r\\\/\"]}]},{\"@type\":\"ImageObject\",\"inLanguage\":\"fr-FR\",\"@id\":\"https:\\\/\\\/www.gimco.fr\\\/index.php\\\/produit\\\/centrifugeuse-paillasse-rotina-380r\\\/#primaryimage\",\"url\":\"https:\\\/\\\/www.gimco.fr\\\/wp-content\\\/uploads\\\/2025\\\/06\\\/csm_Rotina380_rgb_a9d4593ac6.webp\",\"contentUrl\":\"https:\\\/\\\/www.gimco.fr\\\/wp-content\\\/uploads\\\/2025\\\/06\\\/csm_Rotina380_rgb_a9d4593ac6.webp\",\"width\":420,\"height\":600},{\"@type\":\"BreadcrumbList\",\"@id\":\"https:\\\/\\\/www.gimco.fr\\\/index.php\\\/produit\\\/centrifugeuse-paillasse-rotina-380r\\\/#breadcrumb\",\"itemListElement\":[{\"@type\":\"ListItem\",\"position\":1,\"name\":\"Accueil\",\"item\":\"https:\\\/\\\/www.gimco.fr\\\/\"},{\"@type\":\"ListItem\",\"position\":2,\"name\":\"Produits\",\"item\":\"https:\\\/\\\/www.gimco.fr\\\/index.php\\\/produits\\\/\"},{\"@type\":\"ListItem\",\"position\":3,\"name\":\"Centrifugeuse de paillasse ROTINA 380 | 380R\"}]},{\"@type\":\"WebSite\",\"@id\":\"https:\\\/\\\/www.gimco.fr\\\/#website\",\"url\":\"https:\\\/\\\/www.gimco.fr\\\/\",\"name\":\"GIMCO\",\"description\":\"Laboratoire de m\u00e9trologie\",\"publisher\":{\"@id\":\"https:\\\/\\\/www.gimco.fr\\\/#organization\"},\"potentialAction\":[{\"@type\":\"SearchAction\",\"target\":{\"@type\":\"EntryPoint\",\"urlTemplate\":\"https:\\\/\\\/www.gimco.fr\\\/?s={search_term_string}\"},\"query-input\":{\"@type\":\"PropertyValueSpecification\",\"valueRequired\":true,\"valueName\":\"search_term_string\"}}],\"inLanguage\":\"fr-FR\"},{\"@type\":\"Organization\",\"@id\":\"https:\\\/\\\/www.gimco.fr\\\/#organization\",\"name\":\"GIMCO\",\"url\":\"https:\\\/\\\/www.gimco.fr\\\/\",\"logo\":{\"@type\":\"ImageObject\",\"inLanguage\":\"fr-FR\",\"@id\":\"https:\\\/\\\/www.gimco.fr\\\/#\\\/schema\\\/logo\\\/image\\\/\",\"url\":\"https:\\\/\\\/www.gimco.fr\\\/wp-content\\\/uploads\\\/2025\\\/08\\\/cropped-GIMCO-LOGO-scaled-e1755623375837.jpg\",\"contentUrl\":\"https:\\\/\\\/www.gimco.fr\\\/wp-content\\\/uploads\\\/2025\\\/08\\\/cropped-GIMCO-LOGO-scaled-e1755623375837.jpg\",\"width\":335,\"height\":87,\"caption\":\"GIMCO\"},\"image\":{\"@id\":\"https:\\\/\\\/www.gimco.fr\\\/#\\\/schema\\\/logo\\\/image\\\/\"}}]}<\/script>\n<!-- \/ Yoast SEO plugin. -->","yoast_head_json":{"title":"Centrifugeuse de paillasse ROTINA 380 | 380R - GIMCO","description":"Centrifugeuse de paillasse ROTINA ventil\u00e9 380 ou r\u00e9frig\u00e9r\u00e9e 380R. Disponible avec Rotor angulaire et rotor libre (\u00e9toile).","robots":{"index":"index","follow":"follow","max-snippet":"max-snippet:-1","max-image-preview":"max-image-preview:large","max-video-preview":"max-video-preview:-1"},"canonical":"https:\/\/www.gimco.fr\/index.php\/produit\/centrifugeuse-paillasse-rotina-380r\/","og_locale":"fr_FR","og_type":"article","og_title":"Centrifugeuse de paillasse ROTINA 380 | 380R - GIMCO","og_description":"Centrifugeuse de paillasse ROTINA ventil\u00e9 380 ou r\u00e9frig\u00e9r\u00e9e 380R. Disponible avec Rotor angulaire et rotor libre (\u00e9toile).","og_url":"https:\/\/www.gimco.fr\/index.php\/produit\/centrifugeuse-paillasse-rotina-380r\/","og_site_name":"GIMCO","article_modified_time":"2025-06-16T19:18:54+00:00","og_image":[{"width":420,"height":600,"url":"https:\/\/www.gimco.fr\/wp-content\/uploads\/2025\/06\/csm_Rotina380_rgb_a9d4593ac6.webp","type":"image\/webp"}],"twitter_card":"summary_large_image","twitter_misc":{"Dur\u00e9e de lecture estim\u00e9e":"1 minute"},"schema":{"@context":"https:\/\/schema.org","@graph":[{"@type":"WebPage","@id":"https:\/\/www.gimco.fr\/index.php\/produit\/centrifugeuse-paillasse-rotina-380r\/","url":"https:\/\/www.gimco.fr\/index.php\/produit\/centrifugeuse-paillasse-rotina-380r\/","name":"Centrifugeuse de paillasse ROTINA 380 | 380R - GIMCO","isPartOf":{"@id":"https:\/\/www.gimco.fr\/#website"},"primaryImageOfPage":{"@id":"https:\/\/www.gimco.fr\/index.php\/produit\/centrifugeuse-paillasse-rotina-380r\/#primaryimage"},"image":{"@id":"https:\/\/www.gimco.fr\/index.php\/produit\/centrifugeuse-paillasse-rotina-380r\/#primaryimage"},"thumbnailUrl":"https:\/\/www.gimco.fr\/wp-content\/uploads\/2025\/06\/csm_Rotina380_rgb_a9d4593ac6.webp","datePublished":"2025-06-16T19:15:09+00:00","dateModified":"2025-06-16T19:18:54+00:00","description":"Centrifugeuse de paillasse ROTINA ventil\u00e9 380 ou r\u00e9frig\u00e9r\u00e9e 380R. Disponible avec Rotor angulaire et rotor libre (\u00e9toile).","breadcrumb":{"@id":"https:\/\/www.gimco.fr\/index.php\/produit\/centrifugeuse-paillasse-rotina-380r\/#breadcrumb"},"inLanguage":"fr-FR","potentialAction":[{"@type":"ReadAction","target":["https:\/\/www.gimco.fr\/index.php\/produit\/centrifugeuse-paillasse-rotina-380r\/"]}]},{"@type":"ImageObject","inLanguage":"fr-FR","@id":"https:\/\/www.gimco.fr\/index.php\/produit\/centrifugeuse-paillasse-rotina-380r\/#primaryimage","url":"https:\/\/www.gimco.fr\/wp-content\/uploads\/2025\/06\/csm_Rotina380_rgb_a9d4593ac6.webp","contentUrl":"https:\/\/www.gimco.fr\/wp-content\/uploads\/2025\/06\/csm_Rotina380_rgb_a9d4593ac6.webp","width":420,"height":600},{"@type":"BreadcrumbList","@id":"https:\/\/www.gimco.fr\/index.php\/produit\/centrifugeuse-paillasse-rotina-380r\/#breadcrumb","itemListElement":[{"@type":"ListItem","position":1,"name":"Accueil","item":"https:\/\/www.gimco.fr\/"},{"@type":"ListItem","position":2,"name":"Produits","item":"https:\/\/www.gimco.fr\/index.php\/produits\/"},{"@type":"ListItem","position":3,"name":"Centrifugeuse de paillasse ROTINA 380 | 380R"}]},{"@type":"WebSite","@id":"https:\/\/www.gimco.fr\/#website","url":"https:\/\/www.gimco.fr\/","name":"GIMCO","description":"Laboratoire de m\u00e9trologie","publisher":{"@id":"https:\/\/www.gimco.fr\/#organization"},"potentialAction":[{"@type":"SearchAction","target":{"@type":"EntryPoint","urlTemplate":"https:\/\/www.gimco.fr\/?s={search_term_string}"},"query-input":{"@type":"PropertyValueSpecification","valueRequired":true,"valueName":"search_term_string"}}],"inLanguage":"fr-FR"},{"@type":"Organization","@id":"https:\/\/www.gimco.fr\/#organization","name":"GIMCO","url":"https:\/\/www.gimco.fr\/","logo":{"@type":"ImageObject","inLanguage":"fr-FR","@id":"https:\/\/www.gimco.fr\/#\/schema\/logo\/image\/","url":"https:\/\/www.gimco.fr\/wp-content\/uploads\/2025\/08\/cropped-GIMCO-LOGO-scaled-e1755623375837.jpg","contentUrl":"https:\/\/www.gimco.fr\/wp-content\/uploads\/2025\/08\/cropped-GIMCO-LOGO-scaled-e1755623375837.jpg","width":335,"height":87,"caption":"GIMCO"},"image":{"@id":"https:\/\/www.gimco.fr\/#\/schema\/logo\/image\/"}}]}},"jetpack_sharing_enabled":true,"_links":{"self":[{"href":"https:\/\/www.gimco.fr\/index.php\/wp-json\/wp\/v2\/product\/1107","targetHints":{"allow":["GET"]}}],"collection":[{"href":"https:\/\/www.gimco.fr\/index.php\/wp-json\/wp\/v2\/product"}],"about":[{"href":"https:\/\/www.gimco.fr\/index.php\/wp-json\/wp\/v2\/types\/product"}],"version-history":[{"count":1,"href":"https:\/\/www.gimco.fr\/index.php\/wp-json\/wp\/v2\/product\/1107\/revisions"}],"predecessor-version":[{"id":1109,"href":"https:\/\/www.gimco.fr\/index.php\/wp-json\/wp\/v2\/product\/1107\/revisions\/1109"}],"wp:featuredmedia":[{"embeddable":true,"href":"https:\/\/www.gimco.fr\/index.php\/wp-json\/wp\/v2\/media\/1108"}],"wp:attachment":[{"href":"https:\/\/www.gimco.fr\/index.php\/wp-json\/wp\/v2\/media?parent=1107"}],"wp:term":[{"taxonomy":"product_brand","embeddable":true,"href":"https:\/\/www.gimco.fr\/index.php\/wp-json\/wp\/v2\/product_brand?post=1107"},{"taxonomy":"product_cat","embeddable":true,"href":"https:\/\/www.gimco.fr\/index.php\/wp-json\/wp\/v2\/product_cat?post=1107"},{"taxonomy":"product_tag","embeddable":true,"href":"https:\/\/www.gimco.fr\/index.php\/wp-json\/wp\/v2\/product_tag?post=1107"}],"curies":[{"name":"wp","href":"https:\/\/api.w.org\/{rel}","templated":true}]}}