{"id":1103,"date":"2025-06-16T16:06:30","date_gmt":"2025-06-16T19:06:30","guid":{"rendered":"https:\/\/www.gimco.fr\/?post_type=product&#038;p=1103"},"modified":"2025-06-16T16:06:30","modified_gmt":"2025-06-16T19:06:30","slug":"integra-pipettes-evolve","status":"publish","type":"product","link":"https:\/\/www.gimco.fr\/index.php\/produit\/integra-pipettes-evolve\/","title":{"rendered":"Pipettes m\u00e9caniques INTEGRA EVOLVE"},"content":{"rendered":"<h2>R\u00e9glez les volumes en un clin d\u2019oeil plut\u00f4t qu\u2019\u00e0 la force du poignet !<\/h2>\n<p>Les pipettes traditionnelles utilisent un seul piston rotatif pour r\u00e9gler les volumes. Cette m\u00e9thode rend les r\u00e9glages fr\u00e9quents de volumes tr\u00e8s fastidieux, surtout lorsqu&rsquo;il faut alterner entre petits et grands volumes.<\/p>\n<p>Pour surmonter cette difficult\u00e9, la\u00a0pipette m\u00e9canique EVOLVE dispose de trois molettes ajustables pour r\u00e9gler rapidement les volumes.\u00a0Cette approche r\u00e9volutionnaire r\u00e9duit les risques de microtraumatismes r\u00e9p\u00e9t\u00e9s et permet aux utilisateurs de r\u00e9gler les volumes beaucoup plus rapidement qu\u2019avec une pipette m\u00e9canique traditionnelle.<\/p>\n<p>Disponible en monocanal, volume variable de 2\u00b5l \u00e0 5000\u00b5l; multicanaux 8 et 12 canaux\u00a0 volume variable de 10\u00b5l \u00e0 1250\u00b5l, multicanaux 16 canaux de 10\u00b5l \u00e0 100\u00b5l.<\/p>\n","protected":false},"excerpt":{"rendered":"<p>R\u00e9glez les volumes en un clin d\u2019oeil plut\u00f4t qu\u2019\u00e0 la force du poignet ! Les pipettes traditionnelles utilisent un seul piston rotatif pour r\u00e9gler les volumes. Cette m\u00e9thode rend les r\u00e9glages fr\u00e9quents de volumes tr\u00e8s fastidieux, surtout lorsqu&rsquo;il faut alterner entre petits et grands volumes. Pour surmonter cette difficult\u00e9, la\u00a0pipette m\u00e9canique EVOLVE dispose de trois&hellip;<\/p>\n","protected":false},"featured_media":1104,"template":"","meta":[],"product_brand":[],"product_cat":[39],"product_tag":[],"class_list":{"0":"post-1103","1":"product","2":"type-product","3":"status-publish","4":"has-post-thumbnail","6":"product_cat-pipettes","8":"first","9":"instock","10":"shipping-taxable","11":"product-type-simple"},"yoast_head":"<!-- This site is optimized with the Yoast SEO plugin v27.5 - https:\/\/yoast.com\/product\/yoast-seo-wordpress\/ -->\n<title>Pipettes m\u00e9caniques INTEGRA EVOLVE - GIMCO<\/title>\n<meta name=\"description\" content=\"micropipettes m\u00e9canique l\u00e9g\u00e8re avec un syst\u00e8me de r\u00e9glage rapide. Disponible en monocanal, 8 et 12 canaux, volume variable de 2\u00b5l \u00e0 5000\u00b5l selon mod\u00e8les.\" \/>\n<meta name=\"robots\" content=\"index, follow, max-snippet:-1, max-image-preview:large, max-video-preview:-1\" \/>\n<link rel=\"canonical\" href=\"https:\/\/www.gimco.fr\/index.php\/produit\/integra-pipettes-evolve\/\" \/>\n<meta property=\"og:locale\" content=\"fr_FR\" \/>\n<meta property=\"og:type\" content=\"article\" \/>\n<meta property=\"og:title\" content=\"Pipettes m\u00e9caniques INTEGRA EVOLVE - GIMCO\" \/>\n<meta property=\"og:description\" content=\"micropipettes m\u00e9canique l\u00e9g\u00e8re avec un syst\u00e8me de r\u00e9glage rapide. Disponible en monocanal, 8 et 12 canaux, volume variable de 2\u00b5l \u00e0 5000\u00b5l selon mod\u00e8les.\" \/>\n<meta property=\"og:url\" content=\"https:\/\/www.gimco.fr\/index.php\/produit\/integra-pipettes-evolve\/\" \/>\n<meta property=\"og:site_name\" content=\"GIMCO\" \/>\n<meta property=\"og:image\" content=\"https:\/\/www.gimco.fr\/wp-content\/uploads\/2025\/06\/Evolve.jpeg\" \/>\n\t<meta property=\"og:image:width\" content=\"237\" \/>\n\t<meta property=\"og:image:height\" content=\"212\" \/>\n\t<meta property=\"og:image:type\" content=\"image\/jpeg\" \/>\n<meta name=\"twitter:card\" content=\"summary_large_image\" \/>\n<meta name=\"twitter:label1\" content=\"Dur\u00e9e de lecture estim\u00e9e\" \/>\n\t<meta name=\"twitter:data1\" content=\"1 minute\" \/>\n<script type=\"application\/ld+json\" class=\"yoast-schema-graph\">{\"@context\":\"https:\\\/\\\/schema.org\",\"@graph\":[{\"@type\":\"WebPage\",\"@id\":\"https:\\\/\\\/www.gimco.fr\\\/index.php\\\/produit\\\/integra-pipettes-evolve\\\/\",\"url\":\"https:\\\/\\\/www.gimco.fr\\\/index.php\\\/produit\\\/integra-pipettes-evolve\\\/\",\"name\":\"Pipettes m\u00e9caniques INTEGRA EVOLVE - GIMCO\",\"isPartOf\":{\"@id\":\"https:\\\/\\\/www.gimco.fr\\\/#website\"},\"primaryImageOfPage\":{\"@id\":\"https:\\\/\\\/www.gimco.fr\\\/index.php\\\/produit\\\/integra-pipettes-evolve\\\/#primaryimage\"},\"image\":{\"@id\":\"https:\\\/\\\/www.gimco.fr\\\/index.php\\\/produit\\\/integra-pipettes-evolve\\\/#primaryimage\"},\"thumbnailUrl\":\"https:\\\/\\\/www.gimco.fr\\\/wp-content\\\/uploads\\\/2025\\\/06\\\/Evolve.jpeg\",\"datePublished\":\"2025-06-16T19:06:30+00:00\",\"description\":\"micropipettes m\u00e9canique l\u00e9g\u00e8re avec un syst\u00e8me de r\u00e9glage rapide. Disponible en monocanal, 8 et 12 canaux, volume variable de 2\u00b5l \u00e0 5000\u00b5l selon mod\u00e8les.\",\"breadcrumb\":{\"@id\":\"https:\\\/\\\/www.gimco.fr\\\/index.php\\\/produit\\\/integra-pipettes-evolve\\\/#breadcrumb\"},\"inLanguage\":\"fr-FR\",\"potentialAction\":[{\"@type\":\"ReadAction\",\"target\":[\"https:\\\/\\\/www.gimco.fr\\\/index.php\\\/produit\\\/integra-pipettes-evolve\\\/\"]}]},{\"@type\":\"ImageObject\",\"inLanguage\":\"fr-FR\",\"@id\":\"https:\\\/\\\/www.gimco.fr\\\/index.php\\\/produit\\\/integra-pipettes-evolve\\\/#primaryimage\",\"url\":\"https:\\\/\\\/www.gimco.fr\\\/wp-content\\\/uploads\\\/2025\\\/06\\\/Evolve.jpeg\",\"contentUrl\":\"https:\\\/\\\/www.gimco.fr\\\/wp-content\\\/uploads\\\/2025\\\/06\\\/Evolve.jpeg\",\"width\":237,\"height\":212},{\"@type\":\"BreadcrumbList\",\"@id\":\"https:\\\/\\\/www.gimco.fr\\\/index.php\\\/produit\\\/integra-pipettes-evolve\\\/#breadcrumb\",\"itemListElement\":[{\"@type\":\"ListItem\",\"position\":1,\"name\":\"Accueil\",\"item\":\"https:\\\/\\\/www.gimco.fr\\\/\"},{\"@type\":\"ListItem\",\"position\":2,\"name\":\"Produits\",\"item\":\"https:\\\/\\\/www.gimco.fr\\\/index.php\\\/produits\\\/\"},{\"@type\":\"ListItem\",\"position\":3,\"name\":\"Pipettes m\u00e9caniques INTEGRA EVOLVE\"}]},{\"@type\":\"WebSite\",\"@id\":\"https:\\\/\\\/www.gimco.fr\\\/#website\",\"url\":\"https:\\\/\\\/www.gimco.fr\\\/\",\"name\":\"GIMCO\",\"description\":\"Laboratoire de m\u00e9trologie\",\"publisher\":{\"@id\":\"https:\\\/\\\/www.gimco.fr\\\/#organization\"},\"potentialAction\":[{\"@type\":\"SearchAction\",\"target\":{\"@type\":\"EntryPoint\",\"urlTemplate\":\"https:\\\/\\\/www.gimco.fr\\\/?s={search_term_string}\"},\"query-input\":{\"@type\":\"PropertyValueSpecification\",\"valueRequired\":true,\"valueName\":\"search_term_string\"}}],\"inLanguage\":\"fr-FR\"},{\"@type\":\"Organization\",\"@id\":\"https:\\\/\\\/www.gimco.fr\\\/#organization\",\"name\":\"GIMCO\",\"url\":\"https:\\\/\\\/www.gimco.fr\\\/\",\"logo\":{\"@type\":\"ImageObject\",\"inLanguage\":\"fr-FR\",\"@id\":\"https:\\\/\\\/www.gimco.fr\\\/#\\\/schema\\\/logo\\\/image\\\/\",\"url\":\"https:\\\/\\\/www.gimco.fr\\\/wp-content\\\/uploads\\\/2025\\\/08\\\/cropped-GIMCO-LOGO-scaled-e1755623375837.jpg\",\"contentUrl\":\"https:\\\/\\\/www.gimco.fr\\\/wp-content\\\/uploads\\\/2025\\\/08\\\/cropped-GIMCO-LOGO-scaled-e1755623375837.jpg\",\"width\":335,\"height\":87,\"caption\":\"GIMCO\"},\"image\":{\"@id\":\"https:\\\/\\\/www.gimco.fr\\\/#\\\/schema\\\/logo\\\/image\\\/\"}}]}<\/script>\n<!-- \/ Yoast SEO plugin. -->","yoast_head_json":{"title":"Pipettes m\u00e9caniques INTEGRA EVOLVE - GIMCO","description":"micropipettes m\u00e9canique l\u00e9g\u00e8re avec un syst\u00e8me de r\u00e9glage rapide. Disponible en monocanal, 8 et 12 canaux, volume variable de 2\u00b5l \u00e0 5000\u00b5l selon mod\u00e8les.","robots":{"index":"index","follow":"follow","max-snippet":"max-snippet:-1","max-image-preview":"max-image-preview:large","max-video-preview":"max-video-preview:-1"},"canonical":"https:\/\/www.gimco.fr\/index.php\/produit\/integra-pipettes-evolve\/","og_locale":"fr_FR","og_type":"article","og_title":"Pipettes m\u00e9caniques INTEGRA EVOLVE - GIMCO","og_description":"micropipettes m\u00e9canique l\u00e9g\u00e8re avec un syst\u00e8me de r\u00e9glage rapide. Disponible en monocanal, 8 et 12 canaux, volume variable de 2\u00b5l \u00e0 5000\u00b5l selon mod\u00e8les.","og_url":"https:\/\/www.gimco.fr\/index.php\/produit\/integra-pipettes-evolve\/","og_site_name":"GIMCO","og_image":[{"width":237,"height":212,"url":"https:\/\/www.gimco.fr\/wp-content\/uploads\/2025\/06\/Evolve.jpeg","type":"image\/jpeg"}],"twitter_card":"summary_large_image","twitter_misc":{"Dur\u00e9e de lecture estim\u00e9e":"1 minute"},"schema":{"@context":"https:\/\/schema.org","@graph":[{"@type":"WebPage","@id":"https:\/\/www.gimco.fr\/index.php\/produit\/integra-pipettes-evolve\/","url":"https:\/\/www.gimco.fr\/index.php\/produit\/integra-pipettes-evolve\/","name":"Pipettes m\u00e9caniques INTEGRA EVOLVE - GIMCO","isPartOf":{"@id":"https:\/\/www.gimco.fr\/#website"},"primaryImageOfPage":{"@id":"https:\/\/www.gimco.fr\/index.php\/produit\/integra-pipettes-evolve\/#primaryimage"},"image":{"@id":"https:\/\/www.gimco.fr\/index.php\/produit\/integra-pipettes-evolve\/#primaryimage"},"thumbnailUrl":"https:\/\/www.gimco.fr\/wp-content\/uploads\/2025\/06\/Evolve.jpeg","datePublished":"2025-06-16T19:06:30+00:00","description":"micropipettes m\u00e9canique l\u00e9g\u00e8re avec un syst\u00e8me de r\u00e9glage rapide. Disponible en monocanal, 8 et 12 canaux, volume variable de 2\u00b5l \u00e0 5000\u00b5l selon mod\u00e8les.","breadcrumb":{"@id":"https:\/\/www.gimco.fr\/index.php\/produit\/integra-pipettes-evolve\/#breadcrumb"},"inLanguage":"fr-FR","potentialAction":[{"@type":"ReadAction","target":["https:\/\/www.gimco.fr\/index.php\/produit\/integra-pipettes-evolve\/"]}]},{"@type":"ImageObject","inLanguage":"fr-FR","@id":"https:\/\/www.gimco.fr\/index.php\/produit\/integra-pipettes-evolve\/#primaryimage","url":"https:\/\/www.gimco.fr\/wp-content\/uploads\/2025\/06\/Evolve.jpeg","contentUrl":"https:\/\/www.gimco.fr\/wp-content\/uploads\/2025\/06\/Evolve.jpeg","width":237,"height":212},{"@type":"BreadcrumbList","@id":"https:\/\/www.gimco.fr\/index.php\/produit\/integra-pipettes-evolve\/#breadcrumb","itemListElement":[{"@type":"ListItem","position":1,"name":"Accueil","item":"https:\/\/www.gimco.fr\/"},{"@type":"ListItem","position":2,"name":"Produits","item":"https:\/\/www.gimco.fr\/index.php\/produits\/"},{"@type":"ListItem","position":3,"name":"Pipettes m\u00e9caniques INTEGRA EVOLVE"}]},{"@type":"WebSite","@id":"https:\/\/www.gimco.fr\/#website","url":"https:\/\/www.gimco.fr\/","name":"GIMCO","description":"Laboratoire de m\u00e9trologie","publisher":{"@id":"https:\/\/www.gimco.fr\/#organization"},"potentialAction":[{"@type":"SearchAction","target":{"@type":"EntryPoint","urlTemplate":"https:\/\/www.gimco.fr\/?s={search_term_string}"},"query-input":{"@type":"PropertyValueSpecification","valueRequired":true,"valueName":"search_term_string"}}],"inLanguage":"fr-FR"},{"@type":"Organization","@id":"https:\/\/www.gimco.fr\/#organization","name":"GIMCO","url":"https:\/\/www.gimco.fr\/","logo":{"@type":"ImageObject","inLanguage":"fr-FR","@id":"https:\/\/www.gimco.fr\/#\/schema\/logo\/image\/","url":"https:\/\/www.gimco.fr\/wp-content\/uploads\/2025\/08\/cropped-GIMCO-LOGO-scaled-e1755623375837.jpg","contentUrl":"https:\/\/www.gimco.fr\/wp-content\/uploads\/2025\/08\/cropped-GIMCO-LOGO-scaled-e1755623375837.jpg","width":335,"height":87,"caption":"GIMCO"},"image":{"@id":"https:\/\/www.gimco.fr\/#\/schema\/logo\/image\/"}}]}},"jetpack_sharing_enabled":true,"_links":{"self":[{"href":"https:\/\/www.gimco.fr\/index.php\/wp-json\/wp\/v2\/product\/1103","targetHints":{"allow":["GET"]}}],"collection":[{"href":"https:\/\/www.gimco.fr\/index.php\/wp-json\/wp\/v2\/product"}],"about":[{"href":"https:\/\/www.gimco.fr\/index.php\/wp-json\/wp\/v2\/types\/product"}],"version-history":[{"count":2,"href":"https:\/\/www.gimco.fr\/index.php\/wp-json\/wp\/v2\/product\/1103\/revisions"}],"predecessor-version":[{"id":1106,"href":"https:\/\/www.gimco.fr\/index.php\/wp-json\/wp\/v2\/product\/1103\/revisions\/1106"}],"wp:featuredmedia":[{"embeddable":true,"href":"https:\/\/www.gimco.fr\/index.php\/wp-json\/wp\/v2\/media\/1104"}],"wp:attachment":[{"href":"https:\/\/www.gimco.fr\/index.php\/wp-json\/wp\/v2\/media?parent=1103"}],"wp:term":[{"taxonomy":"product_brand","embeddable":true,"href":"https:\/\/www.gimco.fr\/index.php\/wp-json\/wp\/v2\/product_brand?post=1103"},{"taxonomy":"product_cat","embeddable":true,"href":"https:\/\/www.gimco.fr\/index.php\/wp-json\/wp\/v2\/product_cat?post=1103"},{"taxonomy":"product_tag","embeddable":true,"href":"https:\/\/www.gimco.fr\/index.php\/wp-json\/wp\/v2\/product_tag?post=1103"}],"curies":[{"name":"wp","href":"https:\/\/api.w.org\/{rel}","templated":true}]}}