{"id":1099,"date":"2025-06-16T14:39:33","date_gmt":"2025-06-16T17:39:33","guid":{"rendered":"https:\/\/www.gimco.fr\/?post_type=product&#038;p=1099"},"modified":"2025-06-16T18:50:33","modified_gmt":"2025-06-16T21:50:33","slug":"pile-lithium-3v-cr123a","status":"publish","type":"product","link":"https:\/\/www.gimco.fr\/index.php\/produit\/pile-lithium-3v-cr123a\/","title":{"rendered":"CR123A 3V Lithium"},"content":{"rendered":"<p>Pile Lithium CR123A 3V (diam.17mm X 34.5mm) utilis\u00e9 dans certains appareils \u00e9lectroniques tels que des cam\u00e9ras num\u00e9riques, appareils photo, d\u00e9fibrillateurs, etc.<\/p>\n<p>*marque et conditionnement selon disponibilit\u00e9s (blister unitaire, blister double, plateau de 30)<\/p>\n","protected":false},"excerpt":{"rendered":"<p>Pile Lithium CR123A 3V (diam.17mm X 34.5mm)<\/p>\n","protected":false},"featured_media":1100,"template":"","meta":[],"product_brand":[],"product_cat":[37],"product_tag":[],"class_list":{"0":"post-1099","1":"product","2":"type-product","3":"status-publish","4":"has-post-thumbnail","6":"product_cat-piles-lithium","8":"first","9":"instock","10":"shipping-taxable","11":"product-type-simple"},"yoast_head":"<!-- This site is optimized with the Yoast SEO plugin v27.5 - https:\/\/yoast.com\/product\/yoast-seo-wordpress\/ -->\n<title>CR123A 3V Lithium - GIMCO<\/title>\n<meta name=\"description\" content=\"pile lithium CR123A 3V de 17mm de diam\u00e8tre pour une longueur de 34.5mm. Convient \u00e0 certains appareils photo num\u00e9riques, d\u00e9fibrillateurs, etc.\" \/>\n<meta name=\"robots\" content=\"index, follow, max-snippet:-1, max-image-preview:large, max-video-preview:-1\" \/>\n<link rel=\"canonical\" href=\"https:\/\/www.gimco.fr\/index.php\/produit\/pile-lithium-3v-cr123a\/\" \/>\n<meta property=\"og:locale\" content=\"fr_FR\" \/>\n<meta property=\"og:type\" content=\"article\" \/>\n<meta property=\"og:title\" content=\"CR123A 3V Lithium - GIMCO\" \/>\n<meta property=\"og:description\" content=\"pile lithium CR123A 3V de 17mm de diam\u00e8tre pour une longueur de 34.5mm. Convient \u00e0 certains appareils photo num\u00e9riques, d\u00e9fibrillateurs, etc.\" \/>\n<meta property=\"og:url\" content=\"https:\/\/www.gimco.fr\/index.php\/produit\/pile-lithium-3v-cr123a\/\" \/>\n<meta property=\"og:site_name\" content=\"GIMCO\" \/>\n<meta property=\"article:modified_time\" content=\"2025-06-16T21:50:33+00:00\" \/>\n<meta property=\"og:image\" content=\"https:\/\/www.gimco.fr\/wp-content\/uploads\/2025\/06\/cr123ax1.jpeg\" \/>\n\t<meta property=\"og:image:width\" content=\"225\" \/>\n\t<meta property=\"og:image:height\" content=\"225\" \/>\n\t<meta property=\"og:image:type\" content=\"image\/jpeg\" \/>\n<meta name=\"twitter:card\" content=\"summary_large_image\" \/>\n<meta name=\"twitter:label1\" content=\"Dur\u00e9e de lecture estim\u00e9e\" \/>\n\t<meta name=\"twitter:data1\" content=\"1 minute\" \/>\n<script type=\"application\/ld+json\" class=\"yoast-schema-graph\">{\"@context\":\"https:\\\/\\\/schema.org\",\"@graph\":[{\"@type\":\"WebPage\",\"@id\":\"https:\\\/\\\/www.gimco.fr\\\/index.php\\\/produit\\\/pile-lithium-3v-cr123a\\\/\",\"url\":\"https:\\\/\\\/www.gimco.fr\\\/index.php\\\/produit\\\/pile-lithium-3v-cr123a\\\/\",\"name\":\"CR123A 3V Lithium - GIMCO\",\"isPartOf\":{\"@id\":\"https:\\\/\\\/www.gimco.fr\\\/#website\"},\"primaryImageOfPage\":{\"@id\":\"https:\\\/\\\/www.gimco.fr\\\/index.php\\\/produit\\\/pile-lithium-3v-cr123a\\\/#primaryimage\"},\"image\":{\"@id\":\"https:\\\/\\\/www.gimco.fr\\\/index.php\\\/produit\\\/pile-lithium-3v-cr123a\\\/#primaryimage\"},\"thumbnailUrl\":\"https:\\\/\\\/www.gimco.fr\\\/wp-content\\\/uploads\\\/2025\\\/06\\\/cr123ax1.jpeg\",\"datePublished\":\"2025-06-16T17:39:33+00:00\",\"dateModified\":\"2025-06-16T21:50:33+00:00\",\"description\":\"pile lithium CR123A 3V de 17mm de diam\u00e8tre pour une longueur de 34.5mm. Convient \u00e0 certains appareils photo num\u00e9riques, d\u00e9fibrillateurs, etc.\",\"breadcrumb\":{\"@id\":\"https:\\\/\\\/www.gimco.fr\\\/index.php\\\/produit\\\/pile-lithium-3v-cr123a\\\/#breadcrumb\"},\"inLanguage\":\"fr-FR\",\"potentialAction\":[{\"@type\":\"ReadAction\",\"target\":[\"https:\\\/\\\/www.gimco.fr\\\/index.php\\\/produit\\\/pile-lithium-3v-cr123a\\\/\"]}]},{\"@type\":\"ImageObject\",\"inLanguage\":\"fr-FR\",\"@id\":\"https:\\\/\\\/www.gimco.fr\\\/index.php\\\/produit\\\/pile-lithium-3v-cr123a\\\/#primaryimage\",\"url\":\"https:\\\/\\\/www.gimco.fr\\\/wp-content\\\/uploads\\\/2025\\\/06\\\/cr123ax1.jpeg\",\"contentUrl\":\"https:\\\/\\\/www.gimco.fr\\\/wp-content\\\/uploads\\\/2025\\\/06\\\/cr123ax1.jpeg\",\"width\":225,\"height\":225},{\"@type\":\"BreadcrumbList\",\"@id\":\"https:\\\/\\\/www.gimco.fr\\\/index.php\\\/produit\\\/pile-lithium-3v-cr123a\\\/#breadcrumb\",\"itemListElement\":[{\"@type\":\"ListItem\",\"position\":1,\"name\":\"Accueil\",\"item\":\"https:\\\/\\\/www.gimco.fr\\\/\"},{\"@type\":\"ListItem\",\"position\":2,\"name\":\"Produits\",\"item\":\"https:\\\/\\\/www.gimco.fr\\\/index.php\\\/produits\\\/\"},{\"@type\":\"ListItem\",\"position\":3,\"name\":\"CR123A 3V Lithium\"}]},{\"@type\":\"WebSite\",\"@id\":\"https:\\\/\\\/www.gimco.fr\\\/#website\",\"url\":\"https:\\\/\\\/www.gimco.fr\\\/\",\"name\":\"GIMCO\",\"description\":\"Laboratoire de m\u00e9trologie\",\"publisher\":{\"@id\":\"https:\\\/\\\/www.gimco.fr\\\/#organization\"},\"potentialAction\":[{\"@type\":\"SearchAction\",\"target\":{\"@type\":\"EntryPoint\",\"urlTemplate\":\"https:\\\/\\\/www.gimco.fr\\\/?s={search_term_string}\"},\"query-input\":{\"@type\":\"PropertyValueSpecification\",\"valueRequired\":true,\"valueName\":\"search_term_string\"}}],\"inLanguage\":\"fr-FR\"},{\"@type\":\"Organization\",\"@id\":\"https:\\\/\\\/www.gimco.fr\\\/#organization\",\"name\":\"GIMCO\",\"url\":\"https:\\\/\\\/www.gimco.fr\\\/\",\"logo\":{\"@type\":\"ImageObject\",\"inLanguage\":\"fr-FR\",\"@id\":\"https:\\\/\\\/www.gimco.fr\\\/#\\\/schema\\\/logo\\\/image\\\/\",\"url\":\"https:\\\/\\\/www.gimco.fr\\\/wp-content\\\/uploads\\\/2025\\\/08\\\/cropped-GIMCO-LOGO-scaled-e1755623375837.jpg\",\"contentUrl\":\"https:\\\/\\\/www.gimco.fr\\\/wp-content\\\/uploads\\\/2025\\\/08\\\/cropped-GIMCO-LOGO-scaled-e1755623375837.jpg\",\"width\":335,\"height\":87,\"caption\":\"GIMCO\"},\"image\":{\"@id\":\"https:\\\/\\\/www.gimco.fr\\\/#\\\/schema\\\/logo\\\/image\\\/\"}}]}<\/script>\n<!-- \/ Yoast SEO plugin. -->","yoast_head_json":{"title":"CR123A 3V Lithium - GIMCO","description":"pile lithium CR123A 3V de 17mm de diam\u00e8tre pour une longueur de 34.5mm. Convient \u00e0 certains appareils photo num\u00e9riques, d\u00e9fibrillateurs, etc.","robots":{"index":"index","follow":"follow","max-snippet":"max-snippet:-1","max-image-preview":"max-image-preview:large","max-video-preview":"max-video-preview:-1"},"canonical":"https:\/\/www.gimco.fr\/index.php\/produit\/pile-lithium-3v-cr123a\/","og_locale":"fr_FR","og_type":"article","og_title":"CR123A 3V Lithium - GIMCO","og_description":"pile lithium CR123A 3V de 17mm de diam\u00e8tre pour une longueur de 34.5mm. Convient \u00e0 certains appareils photo num\u00e9riques, d\u00e9fibrillateurs, etc.","og_url":"https:\/\/www.gimco.fr\/index.php\/produit\/pile-lithium-3v-cr123a\/","og_site_name":"GIMCO","article_modified_time":"2025-06-16T21:50:33+00:00","og_image":[{"width":225,"height":225,"url":"https:\/\/www.gimco.fr\/wp-content\/uploads\/2025\/06\/cr123ax1.jpeg","type":"image\/jpeg"}],"twitter_card":"summary_large_image","twitter_misc":{"Dur\u00e9e de lecture estim\u00e9e":"1 minute"},"schema":{"@context":"https:\/\/schema.org","@graph":[{"@type":"WebPage","@id":"https:\/\/www.gimco.fr\/index.php\/produit\/pile-lithium-3v-cr123a\/","url":"https:\/\/www.gimco.fr\/index.php\/produit\/pile-lithium-3v-cr123a\/","name":"CR123A 3V Lithium - GIMCO","isPartOf":{"@id":"https:\/\/www.gimco.fr\/#website"},"primaryImageOfPage":{"@id":"https:\/\/www.gimco.fr\/index.php\/produit\/pile-lithium-3v-cr123a\/#primaryimage"},"image":{"@id":"https:\/\/www.gimco.fr\/index.php\/produit\/pile-lithium-3v-cr123a\/#primaryimage"},"thumbnailUrl":"https:\/\/www.gimco.fr\/wp-content\/uploads\/2025\/06\/cr123ax1.jpeg","datePublished":"2025-06-16T17:39:33+00:00","dateModified":"2025-06-16T21:50:33+00:00","description":"pile lithium CR123A 3V de 17mm de diam\u00e8tre pour une longueur de 34.5mm. Convient \u00e0 certains appareils photo num\u00e9riques, d\u00e9fibrillateurs, etc.","breadcrumb":{"@id":"https:\/\/www.gimco.fr\/index.php\/produit\/pile-lithium-3v-cr123a\/#breadcrumb"},"inLanguage":"fr-FR","potentialAction":[{"@type":"ReadAction","target":["https:\/\/www.gimco.fr\/index.php\/produit\/pile-lithium-3v-cr123a\/"]}]},{"@type":"ImageObject","inLanguage":"fr-FR","@id":"https:\/\/www.gimco.fr\/index.php\/produit\/pile-lithium-3v-cr123a\/#primaryimage","url":"https:\/\/www.gimco.fr\/wp-content\/uploads\/2025\/06\/cr123ax1.jpeg","contentUrl":"https:\/\/www.gimco.fr\/wp-content\/uploads\/2025\/06\/cr123ax1.jpeg","width":225,"height":225},{"@type":"BreadcrumbList","@id":"https:\/\/www.gimco.fr\/index.php\/produit\/pile-lithium-3v-cr123a\/#breadcrumb","itemListElement":[{"@type":"ListItem","position":1,"name":"Accueil","item":"https:\/\/www.gimco.fr\/"},{"@type":"ListItem","position":2,"name":"Produits","item":"https:\/\/www.gimco.fr\/index.php\/produits\/"},{"@type":"ListItem","position":3,"name":"CR123A 3V Lithium"}]},{"@type":"WebSite","@id":"https:\/\/www.gimco.fr\/#website","url":"https:\/\/www.gimco.fr\/","name":"GIMCO","description":"Laboratoire de m\u00e9trologie","publisher":{"@id":"https:\/\/www.gimco.fr\/#organization"},"potentialAction":[{"@type":"SearchAction","target":{"@type":"EntryPoint","urlTemplate":"https:\/\/www.gimco.fr\/?s={search_term_string}"},"query-input":{"@type":"PropertyValueSpecification","valueRequired":true,"valueName":"search_term_string"}}],"inLanguage":"fr-FR"},{"@type":"Organization","@id":"https:\/\/www.gimco.fr\/#organization","name":"GIMCO","url":"https:\/\/www.gimco.fr\/","logo":{"@type":"ImageObject","inLanguage":"fr-FR","@id":"https:\/\/www.gimco.fr\/#\/schema\/logo\/image\/","url":"https:\/\/www.gimco.fr\/wp-content\/uploads\/2025\/08\/cropped-GIMCO-LOGO-scaled-e1755623375837.jpg","contentUrl":"https:\/\/www.gimco.fr\/wp-content\/uploads\/2025\/08\/cropped-GIMCO-LOGO-scaled-e1755623375837.jpg","width":335,"height":87,"caption":"GIMCO"},"image":{"@id":"https:\/\/www.gimco.fr\/#\/schema\/logo\/image\/"}}]}},"jetpack_sharing_enabled":true,"_links":{"self":[{"href":"https:\/\/www.gimco.fr\/index.php\/wp-json\/wp\/v2\/product\/1099","targetHints":{"allow":["GET"]}}],"collection":[{"href":"https:\/\/www.gimco.fr\/index.php\/wp-json\/wp\/v2\/product"}],"about":[{"href":"https:\/\/www.gimco.fr\/index.php\/wp-json\/wp\/v2\/types\/product"}],"version-history":[{"count":1,"href":"https:\/\/www.gimco.fr\/index.php\/wp-json\/wp\/v2\/product\/1099\/revisions"}],"predecessor-version":[{"id":1102,"href":"https:\/\/www.gimco.fr\/index.php\/wp-json\/wp\/v2\/product\/1099\/revisions\/1102"}],"wp:featuredmedia":[{"embeddable":true,"href":"https:\/\/www.gimco.fr\/index.php\/wp-json\/wp\/v2\/media\/1100"}],"wp:attachment":[{"href":"https:\/\/www.gimco.fr\/index.php\/wp-json\/wp\/v2\/media?parent=1099"}],"wp:term":[{"taxonomy":"product_brand","embeddable":true,"href":"https:\/\/www.gimco.fr\/index.php\/wp-json\/wp\/v2\/product_brand?post=1099"},{"taxonomy":"product_cat","embeddable":true,"href":"https:\/\/www.gimco.fr\/index.php\/wp-json\/wp\/v2\/product_cat?post=1099"},{"taxonomy":"product_tag","embeddable":true,"href":"https:\/\/www.gimco.fr\/index.php\/wp-json\/wp\/v2\/product_tag?post=1099"}],"curies":[{"name":"wp","href":"https:\/\/api.w.org\/{rel}","templated":true}]}}