{"id":1000,"date":"2024-07-13T08:50:42","date_gmt":"2024-07-13T11:50:42","guid":{"rendered":"https:\/\/www.gimco.fr\/?post_type=product&#038;p=1000"},"modified":"2024-07-13T10:27:39","modified_gmt":"2024-07-13T13:27:39","slug":"controle-centrifugeuse","status":"publish","type":"product","link":"https:\/\/www.gimco.fr\/index.php\/produit\/controle-centrifugeuse\/","title":{"rendered":"Contr\u00f4le de Centrifugeuse"},"content":{"rendered":"<p>Nous proposons la v\u00e9rification des centrifugeuses, qu&rsquo;elles soient r\u00e9frig\u00e9r\u00e9es ou ventil\u00e9es afin de correspondre aux exigences et r\u00e9glementations des laboratoire.<\/p>\n<p>Partie s\u00e9curit\u00e9: v\u00e9rification selon le d\u00e9cret 2008-244 des \u00e9l\u00e9ments permettant de garantir une utilisation s\u00fbre pour le personnel.<\/p>\n<p>Partie m\u00e9trologique: v\u00e9rification des param\u00e8tres physiques afin de garantir les performances de centrifugation et conservation des \u00e9chantillons (vitesse, temps, temp\u00e9rature).<\/p>\n","protected":false},"excerpt":{"rendered":"<p>Nous proposons la v\u00e9rification des centrifugeuses, qu&rsquo;elles soient r\u00e9frig\u00e9r\u00e9es ou ventil\u00e9es afin de correspondre aux exigences et r\u00e9glementations des laboratoire.<\/p>\n<p>Partie s\u00e9curit\u00e9: v\u00e9rification selon le d\u00e9cret 2008-244 des \u00e9l\u00e9ments permettant de garantir une utilisation s\u00fbre pour le personnel.<\/p>\n<p>Partie m\u00e9trologique: v\u00e9rification des param\u00e8tres physiques afin de garantir les performances de centrifugation et conservation des \u00e9chantillons (vitesse, temps, temp\u00e9rature).<\/p>\n","protected":false},"featured_media":1004,"template":"","meta":[],"product_brand":[],"product_cat":[24],"product_tag":[],"class_list":{"0":"post-1000","1":"product","2":"type-product","3":"status-publish","4":"has-post-thumbnail","6":"product_cat-services","8":"first","9":"instock","10":"featured","11":"virtual","12":"product-type-simple"},"yoast_head":"<!-- This site is optimized with the Yoast SEO plugin v27.5 - https:\/\/yoast.com\/product\/yoast-seo-wordpress\/ -->\n<title>Contr\u00f4le de Centrifugeuse - GIMCO<\/title>\n<meta name=\"description\" content=\"Contr\u00f4le r\u00e9glementaire des syst\u00e8mes de s\u00e9curit\u00e9 pour l&#039;utilisation des centrifugeuses selon d\u00e9cret 2008-244 et v\u00e9rification m\u00e9trologique.\" \/>\n<meta name=\"robots\" content=\"index, follow, max-snippet:-1, max-image-preview:large, max-video-preview:-1\" \/>\n<link rel=\"canonical\" href=\"https:\/\/www.gimco.fr\/index.php\/produit\/controle-centrifugeuse\/\" \/>\n<meta property=\"og:locale\" content=\"fr_FR\" \/>\n<meta property=\"og:type\" content=\"article\" \/>\n<meta property=\"og:title\" content=\"Contr\u00f4le de Centrifugeuse - GIMCO\" \/>\n<meta property=\"og:description\" content=\"Contr\u00f4le r\u00e9glementaire des syst\u00e8mes de s\u00e9curit\u00e9 pour l&#039;utilisation des centrifugeuses selon d\u00e9cret 2008-244 et v\u00e9rification m\u00e9trologique.\" \/>\n<meta property=\"og:url\" content=\"https:\/\/www.gimco.fr\/index.php\/produit\/controle-centrifugeuse\/\" \/>\n<meta property=\"og:site_name\" content=\"GIMCO\" \/>\n<meta property=\"article:modified_time\" content=\"2024-07-13T13:27:39+00:00\" \/>\n<meta property=\"og:image\" content=\"https:\/\/www.gimco.fr\/wp-content\/uploads\/2024\/07\/centrie-eclat.jpg\" \/>\n\t<meta property=\"og:image:width\" content=\"767\" \/>\n\t<meta property=\"og:image:height\" content=\"767\" \/>\n\t<meta property=\"og:image:type\" content=\"image\/jpeg\" \/>\n<meta name=\"twitter:card\" content=\"summary_large_image\" \/>\n<meta name=\"twitter:label1\" content=\"Dur\u00e9e de lecture estim\u00e9e\" \/>\n\t<meta name=\"twitter:data1\" content=\"1 minute\" \/>\n<script type=\"application\/ld+json\" class=\"yoast-schema-graph\">{\"@context\":\"https:\\\/\\\/schema.org\",\"@graph\":[{\"@type\":\"WebPage\",\"@id\":\"https:\\\/\\\/www.gimco.fr\\\/index.php\\\/produit\\\/controle-centrifugeuse\\\/\",\"url\":\"https:\\\/\\\/www.gimco.fr\\\/index.php\\\/produit\\\/controle-centrifugeuse\\\/\",\"name\":\"Contr\u00f4le de Centrifugeuse - GIMCO\",\"isPartOf\":{\"@id\":\"https:\\\/\\\/www.gimco.fr\\\/#website\"},\"primaryImageOfPage\":{\"@id\":\"https:\\\/\\\/www.gimco.fr\\\/index.php\\\/produit\\\/controle-centrifugeuse\\\/#primaryimage\"},\"image\":{\"@id\":\"https:\\\/\\\/www.gimco.fr\\\/index.php\\\/produit\\\/controle-centrifugeuse\\\/#primaryimage\"},\"thumbnailUrl\":\"https:\\\/\\\/www.gimco.fr\\\/wp-content\\\/uploads\\\/2024\\\/07\\\/centrie-eclat.jpg\",\"datePublished\":\"2024-07-13T11:50:42+00:00\",\"dateModified\":\"2024-07-13T13:27:39+00:00\",\"description\":\"Contr\u00f4le r\u00e9glementaire des syst\u00e8mes de s\u00e9curit\u00e9 pour l'utilisation des centrifugeuses selon d\u00e9cret 2008-244 et v\u00e9rification m\u00e9trologique.\",\"breadcrumb\":{\"@id\":\"https:\\\/\\\/www.gimco.fr\\\/index.php\\\/produit\\\/controle-centrifugeuse\\\/#breadcrumb\"},\"inLanguage\":\"fr-FR\",\"potentialAction\":[{\"@type\":\"ReadAction\",\"target\":[\"https:\\\/\\\/www.gimco.fr\\\/index.php\\\/produit\\\/controle-centrifugeuse\\\/\"]}]},{\"@type\":\"ImageObject\",\"inLanguage\":\"fr-FR\",\"@id\":\"https:\\\/\\\/www.gimco.fr\\\/index.php\\\/produit\\\/controle-centrifugeuse\\\/#primaryimage\",\"url\":\"https:\\\/\\\/www.gimco.fr\\\/wp-content\\\/uploads\\\/2024\\\/07\\\/centrie-eclat.jpg\",\"contentUrl\":\"https:\\\/\\\/www.gimco.fr\\\/wp-content\\\/uploads\\\/2024\\\/07\\\/centrie-eclat.jpg\",\"width\":767,\"height\":767},{\"@type\":\"BreadcrumbList\",\"@id\":\"https:\\\/\\\/www.gimco.fr\\\/index.php\\\/produit\\\/controle-centrifugeuse\\\/#breadcrumb\",\"itemListElement\":[{\"@type\":\"ListItem\",\"position\":1,\"name\":\"Accueil\",\"item\":\"https:\\\/\\\/www.gimco.fr\\\/\"},{\"@type\":\"ListItem\",\"position\":2,\"name\":\"Produits\",\"item\":\"https:\\\/\\\/www.gimco.fr\\\/index.php\\\/produits\\\/\"},{\"@type\":\"ListItem\",\"position\":3,\"name\":\"Contr\u00f4le de Centrifugeuse\"}]},{\"@type\":\"WebSite\",\"@id\":\"https:\\\/\\\/www.gimco.fr\\\/#website\",\"url\":\"https:\\\/\\\/www.gimco.fr\\\/\",\"name\":\"GIMCO\",\"description\":\"Laboratoire de m\u00e9trologie\",\"publisher\":{\"@id\":\"https:\\\/\\\/www.gimco.fr\\\/#organization\"},\"potentialAction\":[{\"@type\":\"SearchAction\",\"target\":{\"@type\":\"EntryPoint\",\"urlTemplate\":\"https:\\\/\\\/www.gimco.fr\\\/?s={search_term_string}\"},\"query-input\":{\"@type\":\"PropertyValueSpecification\",\"valueRequired\":true,\"valueName\":\"search_term_string\"}}],\"inLanguage\":\"fr-FR\"},{\"@type\":\"Organization\",\"@id\":\"https:\\\/\\\/www.gimco.fr\\\/#organization\",\"name\":\"GIMCO\",\"url\":\"https:\\\/\\\/www.gimco.fr\\\/\",\"logo\":{\"@type\":\"ImageObject\",\"inLanguage\":\"fr-FR\",\"@id\":\"https:\\\/\\\/www.gimco.fr\\\/#\\\/schema\\\/logo\\\/image\\\/\",\"url\":\"https:\\\/\\\/www.gimco.fr\\\/wp-content\\\/uploads\\\/2025\\\/08\\\/cropped-GIMCO-LOGO-scaled-e1755623375837.jpg\",\"contentUrl\":\"https:\\\/\\\/www.gimco.fr\\\/wp-content\\\/uploads\\\/2025\\\/08\\\/cropped-GIMCO-LOGO-scaled-e1755623375837.jpg\",\"width\":335,\"height\":87,\"caption\":\"GIMCO\"},\"image\":{\"@id\":\"https:\\\/\\\/www.gimco.fr\\\/#\\\/schema\\\/logo\\\/image\\\/\"}}]}<\/script>\n<!-- \/ Yoast SEO plugin. -->","yoast_head_json":{"title":"Contr\u00f4le de Centrifugeuse - GIMCO","description":"Contr\u00f4le r\u00e9glementaire des syst\u00e8mes de s\u00e9curit\u00e9 pour l'utilisation des centrifugeuses selon d\u00e9cret 2008-244 et v\u00e9rification m\u00e9trologique.","robots":{"index":"index","follow":"follow","max-snippet":"max-snippet:-1","max-image-preview":"max-image-preview:large","max-video-preview":"max-video-preview:-1"},"canonical":"https:\/\/www.gimco.fr\/index.php\/produit\/controle-centrifugeuse\/","og_locale":"fr_FR","og_type":"article","og_title":"Contr\u00f4le de Centrifugeuse - GIMCO","og_description":"Contr\u00f4le r\u00e9glementaire des syst\u00e8mes de s\u00e9curit\u00e9 pour l'utilisation des centrifugeuses selon d\u00e9cret 2008-244 et v\u00e9rification m\u00e9trologique.","og_url":"https:\/\/www.gimco.fr\/index.php\/produit\/controle-centrifugeuse\/","og_site_name":"GIMCO","article_modified_time":"2024-07-13T13:27:39+00:00","og_image":[{"width":767,"height":767,"url":"https:\/\/www.gimco.fr\/wp-content\/uploads\/2024\/07\/centrie-eclat.jpg","type":"image\/jpeg"}],"twitter_card":"summary_large_image","twitter_misc":{"Dur\u00e9e de lecture estim\u00e9e":"1 minute"},"schema":{"@context":"https:\/\/schema.org","@graph":[{"@type":"WebPage","@id":"https:\/\/www.gimco.fr\/index.php\/produit\/controle-centrifugeuse\/","url":"https:\/\/www.gimco.fr\/index.php\/produit\/controle-centrifugeuse\/","name":"Contr\u00f4le de Centrifugeuse - GIMCO","isPartOf":{"@id":"https:\/\/www.gimco.fr\/#website"},"primaryImageOfPage":{"@id":"https:\/\/www.gimco.fr\/index.php\/produit\/controle-centrifugeuse\/#primaryimage"},"image":{"@id":"https:\/\/www.gimco.fr\/index.php\/produit\/controle-centrifugeuse\/#primaryimage"},"thumbnailUrl":"https:\/\/www.gimco.fr\/wp-content\/uploads\/2024\/07\/centrie-eclat.jpg","datePublished":"2024-07-13T11:50:42+00:00","dateModified":"2024-07-13T13:27:39+00:00","description":"Contr\u00f4le r\u00e9glementaire des syst\u00e8mes de s\u00e9curit\u00e9 pour l'utilisation des centrifugeuses selon d\u00e9cret 2008-244 et v\u00e9rification m\u00e9trologique.","breadcrumb":{"@id":"https:\/\/www.gimco.fr\/index.php\/produit\/controle-centrifugeuse\/#breadcrumb"},"inLanguage":"fr-FR","potentialAction":[{"@type":"ReadAction","target":["https:\/\/www.gimco.fr\/index.php\/produit\/controle-centrifugeuse\/"]}]},{"@type":"ImageObject","inLanguage":"fr-FR","@id":"https:\/\/www.gimco.fr\/index.php\/produit\/controle-centrifugeuse\/#primaryimage","url":"https:\/\/www.gimco.fr\/wp-content\/uploads\/2024\/07\/centrie-eclat.jpg","contentUrl":"https:\/\/www.gimco.fr\/wp-content\/uploads\/2024\/07\/centrie-eclat.jpg","width":767,"height":767},{"@type":"BreadcrumbList","@id":"https:\/\/www.gimco.fr\/index.php\/produit\/controle-centrifugeuse\/#breadcrumb","itemListElement":[{"@type":"ListItem","position":1,"name":"Accueil","item":"https:\/\/www.gimco.fr\/"},{"@type":"ListItem","position":2,"name":"Produits","item":"https:\/\/www.gimco.fr\/index.php\/produits\/"},{"@type":"ListItem","position":3,"name":"Contr\u00f4le de Centrifugeuse"}]},{"@type":"WebSite","@id":"https:\/\/www.gimco.fr\/#website","url":"https:\/\/www.gimco.fr\/","name":"GIMCO","description":"Laboratoire de m\u00e9trologie","publisher":{"@id":"https:\/\/www.gimco.fr\/#organization"},"potentialAction":[{"@type":"SearchAction","target":{"@type":"EntryPoint","urlTemplate":"https:\/\/www.gimco.fr\/?s={search_term_string}"},"query-input":{"@type":"PropertyValueSpecification","valueRequired":true,"valueName":"search_term_string"}}],"inLanguage":"fr-FR"},{"@type":"Organization","@id":"https:\/\/www.gimco.fr\/#organization","name":"GIMCO","url":"https:\/\/www.gimco.fr\/","logo":{"@type":"ImageObject","inLanguage":"fr-FR","@id":"https:\/\/www.gimco.fr\/#\/schema\/logo\/image\/","url":"https:\/\/www.gimco.fr\/wp-content\/uploads\/2025\/08\/cropped-GIMCO-LOGO-scaled-e1755623375837.jpg","contentUrl":"https:\/\/www.gimco.fr\/wp-content\/uploads\/2025\/08\/cropped-GIMCO-LOGO-scaled-e1755623375837.jpg","width":335,"height":87,"caption":"GIMCO"},"image":{"@id":"https:\/\/www.gimco.fr\/#\/schema\/logo\/image\/"}}]}},"jetpack_sharing_enabled":true,"_links":{"self":[{"href":"https:\/\/www.gimco.fr\/index.php\/wp-json\/wp\/v2\/product\/1000","targetHints":{"allow":["GET"]}}],"collection":[{"href":"https:\/\/www.gimco.fr\/index.php\/wp-json\/wp\/v2\/product"}],"about":[{"href":"https:\/\/www.gimco.fr\/index.php\/wp-json\/wp\/v2\/types\/product"}],"version-history":[{"count":1,"href":"https:\/\/www.gimco.fr\/index.php\/wp-json\/wp\/v2\/product\/1000\/revisions"}],"predecessor-version":[{"id":1001,"href":"https:\/\/www.gimco.fr\/index.php\/wp-json\/wp\/v2\/product\/1000\/revisions\/1001"}],"wp:featuredmedia":[{"embeddable":true,"href":"https:\/\/www.gimco.fr\/index.php\/wp-json\/wp\/v2\/media\/1004"}],"wp:attachment":[{"href":"https:\/\/www.gimco.fr\/index.php\/wp-json\/wp\/v2\/media?parent=1000"}],"wp:term":[{"taxonomy":"product_brand","embeddable":true,"href":"https:\/\/www.gimco.fr\/index.php\/wp-json\/wp\/v2\/product_brand?post=1000"},{"taxonomy":"product_cat","embeddable":true,"href":"https:\/\/www.gimco.fr\/index.php\/wp-json\/wp\/v2\/product_cat?post=1000"},{"taxonomy":"product_tag","embeddable":true,"href":"https:\/\/www.gimco.fr\/index.php\/wp-json\/wp\/v2\/product_tag?post=1000"}],"curies":[{"name":"wp","href":"https:\/\/api.w.org\/{rel}","templated":true}]}}