{"id":53,"date":"2019-04-18T11:16:34","date_gmt":"2019-04-18T11:16:34","guid":{"rendered":"https:\/\/envothemes.com\/envo-ecommerce\/?page_id=53"},"modified":"2025-08-19T13:50:08","modified_gmt":"2025-08-19T16:50:08","slug":"societe","status":"publish","type":"page","link":"https:\/\/www.gimco.fr\/index.php\/societe\/","title":{"rendered":"Soci\u00e9t\u00e9"},"content":{"rendered":"\t\t<div data-elementor-type=\"wp-post\" data-elementor-id=\"53\" class=\"elementor elementor-53\">\n\t\t\t\t\t\t<section class=\"elementor-section elementor-top-section elementor-element elementor-element-2b5c2656 elementor-section-boxed elementor-section-height-default elementor-section-height-default\" data-id=\"2b5c2656\" data-element_type=\"section\" data-e-type=\"section\" data-settings=\"{&quot;background_background&quot;:&quot;classic&quot;,&quot;shape_divider_bottom&quot;:&quot;pyramids&quot;}\">\n\t\t\t\t\t<div class=\"elementor-shape elementor-shape-bottom\" aria-hidden=\"true\" data-negative=\"false\">\n\t\t\t<svg xmlns=\"http:\/\/www.w3.org\/2000\/svg\" viewBox=\"0 0 1000 100\" preserveAspectRatio=\"none\">\n\t<path class=\"elementor-shape-fill\" d=\"M761.9,44.1L643.1,27.2L333.8,98L0,3.8V0l1000,0v3.9\"\/>\n<\/svg>\t\t<\/div>\n\t\t\t\t\t<div class=\"elementor-container elementor-column-gap-default\">\n\t\t\t\t\t<div class=\"elementor-column elementor-col-100 elementor-top-column elementor-element elementor-element-6a2380e3\" data-id=\"6a2380e3\" data-element_type=\"column\" data-e-type=\"column\">\n\t\t\t<div class=\"elementor-widget-wrap elementor-element-populated\">\n\t\t\t\t\t\t<div class=\"elementor-element elementor-element-5cb5fbab elementor-widget elementor-widget-heading\" data-id=\"5cb5fbab\" data-element_type=\"widget\" data-e-type=\"widget\" data-widget_type=\"heading.default\">\n\t\t\t\t<div class=\"elementor-widget-container\">\n\t\t\t\t\t<h2 class=\"elementor-heading-title elementor-size-default\">La soci\u00e9t\u00e9 GIMCO<\/h2>\t\t\t\t<\/div>\n\t\t\t\t<\/div>\n\t\t\t\t\t<\/div>\n\t\t<\/div>\n\t\t\t\t\t<\/div>\n\t\t<\/section>\n\t\t\t\t<section class=\"elementor-section elementor-top-section elementor-element elementor-element-41b4fead elementor-reverse-mobile elementor-section-boxed elementor-section-height-default elementor-section-height-default\" data-id=\"41b4fead\" data-element_type=\"section\" data-e-type=\"section\" data-settings=\"{&quot;background_background&quot;:&quot;classic&quot;}\">\n\t\t\t\t\t\t\t<div class=\"elementor-background-overlay\"><\/div>\n\t\t\t\t\t\t\t<div class=\"elementor-container elementor-column-gap-default\">\n\t\t\t\t\t<div class=\"elementor-column elementor-col-100 elementor-top-column elementor-element elementor-element-205bc7ca\" data-id=\"205bc7ca\" data-element_type=\"column\" data-e-type=\"column\">\n\t\t\t<div class=\"elementor-widget-wrap elementor-element-populated\">\n\t\t\t\t\t\t<div class=\"elementor-element elementor-element-249d9a elementor-widget elementor-widget-heading\" data-id=\"249d9a\" data-element_type=\"widget\" data-e-type=\"widget\" data-widget_type=\"heading.default\">\n\t\t\t\t<div class=\"elementor-widget-container\">\n\t\t\t\t\t<h2 class=\"elementor-heading-title elementor-size-default\">Historique<\/h2>\t\t\t\t<\/div>\n\t\t\t\t<\/div>\n\t\t\t\t<div class=\"elementor-element elementor-element-c8d7c01 elementor-widget elementor-widget-text-editor\" data-id=\"c8d7c01\" data-element_type=\"widget\" data-e-type=\"widget\" data-widget_type=\"text-editor.default\">\n\t\t\t\t<div class=\"elementor-widget-container\">\n\t\t\t\t\t\t\t\t\t<p>La soci\u00e9t\u00e9 GIMCO a \u00e9t\u00e9 cr\u00e9e en 2015 en Guyane Fran\u00e7aise avec pour objectif d&rsquo;apporter des solutions aux h\u00f4pitaux et laboratoires Guyanais.<\/p><p>Au d\u00e9but centr\u00e9 sur la distribution et les services de maintenances, GIMCO a rapidement mis en place un laboratoire de m\u00e9trologie selon les exigences de la norme <strong>NF EN ISO 17025<\/strong> afin de palier au manque de solutions locales.<\/p><p><span style=\"font-family: var( --e-global-typography-text-font-family ), Sans-serif; font-weight: var( --e-global-typography-text-font-weight );\">Le 01 juillet 2024 GIMCO obtient aupr\u00e8s du COFRAC les premi\u00e8res accr\u00e9ditations en temp\u00e9rature pour son laboratoire d&rsquo;essai et \u00e9talonnage.<\/span><\/p><p>D&rsquo;autres domaines sont toujours en d\u00e9veloppement afin d&rsquo;\u00e9toffer le catalogue de service et prestations sous accr\u00e9ditations.<\/p><p>L&rsquo;offre de GIMCO s&rsquo;\u00e9tend d\u00e9sormais aux Antilles et pays d&rsquo;Am\u00e9rique latine et des Cara\u00efbes.<\/p><p>\u00a0<\/p>\t\t\t\t\t\t\t\t<\/div>\n\t\t\t\t<\/div>\n\t\t\t\t\t<\/div>\n\t\t<\/div>\n\t\t\t\t\t<\/div>\n\t\t<\/section>\n\t\t<div class=\"elementor-element elementor-element-c5a9867 e-flex e-con-boxed e-con e-parent\" data-id=\"c5a9867\" data-element_type=\"container\" data-e-type=\"container\">\n\t\t\t\t\t<div class=\"e-con-inner\">\n\t\t\t\t<div class=\"elementor-element elementor-element-318c99d elementor-widget__width-initial elementor-widget elementor-widget-image\" data-id=\"318c99d\" data-element_type=\"widget\" data-e-type=\"widget\" data-widget_type=\"image.default\">\n\t\t\t\t<div class=\"elementor-widget-container\">\n\t\t\t\t\t\t\t\t\t\t\t\t\t\t\t<img fetchpriority=\"high\" decoding=\"async\" width=\"1024\" height=\"516\" src=\"https:\/\/www.gimco.fr\/wp-content\/uploads\/2025\/08\/Facade_GIMCOr-1024x516.jpg\" class=\"attachment-large size-large wp-image-1124\" alt=\"Laboratoire de M\u00e9trologie GIMCO de BADUEL\" srcset=\"https:\/\/www.gimco.fr\/wp-content\/uploads\/2025\/08\/Facade_GIMCOr-1024x516.jpg 1024w, https:\/\/www.gimco.fr\/wp-content\/uploads\/2025\/08\/Facade_GIMCOr-300x151.jpg 300w, https:\/\/www.gimco.fr\/wp-content\/uploads\/2025\/08\/Facade_GIMCOr-768x387.jpg 768w, https:\/\/www.gimco.fr\/wp-content\/uploads\/2025\/08\/Facade_GIMCOr-1536x774.jpg 1536w, https:\/\/www.gimco.fr\/wp-content\/uploads\/2025\/08\/Facade_GIMCOr-2048x1032.jpg 2048w, https:\/\/www.gimco.fr\/wp-content\/uploads\/2025\/08\/Facade_GIMCOr-600x302.jpg 600w\" sizes=\"(max-width: 1024px) 100vw, 1024px\" \/>\t\t\t\t\t\t\t\t\t\t\t\t\t\t\t<\/div>\n\t\t\t\t<\/div>\n\t\t\t\t\t<\/div>\n\t\t\t\t<\/div>\n\t\t\t\t<\/div>\n\t\t","protected":false},"excerpt":{"rendered":"<p>La soci\u00e9t\u00e9 GIMCO Historique La soci\u00e9t\u00e9 GIMCO a \u00e9t\u00e9 cr\u00e9e en 2015 en Guyane Fran\u00e7aise avec pour objectif d&rsquo;apporter des solutions aux h\u00f4pitaux et laboratoires Guyanais. Au d\u00e9but centr\u00e9 sur la distribution et les services de maintenances, GIMCO a rapidement mis en place un laboratoire de m\u00e9trologie selon les exigences de la norme NF EN&hellip;<\/p>\n","protected":false},"author":2,"featured_media":0,"parent":0,"menu_order":0,"comment_status":"closed","ping_status":"closed","template":"templates\/template-page-builders.php","meta":{"footnotes":""},"class_list":["post-53","page","type-page","status-publish","hentry"],"yoast_head":"<!-- This site is optimized with the Yoast SEO plugin v27.5 - https:\/\/yoast.com\/product\/yoast-seo-wordpress\/ -->\n<title>Soci\u00e9t\u00e9 - GIMCO<\/title>\n<meta name=\"robots\" content=\"index, follow, max-snippet:-1, max-image-preview:large, max-video-preview:-1\" \/>\n<link rel=\"canonical\" href=\"https:\/\/www.gimco.fr\/index.php\/societe\/\" \/>\n<meta property=\"og:locale\" content=\"fr_FR\" \/>\n<meta property=\"og:type\" content=\"article\" \/>\n<meta property=\"og:title\" content=\"Soci\u00e9t\u00e9 - GIMCO\" \/>\n<meta property=\"og:description\" content=\"La soci\u00e9t\u00e9 GIMCO Historique La soci\u00e9t\u00e9 GIMCO a \u00e9t\u00e9 cr\u00e9e en 2015 en Guyane Fran\u00e7aise avec pour objectif d&rsquo;apporter des solutions aux h\u00f4pitaux et laboratoires Guyanais. Au d\u00e9but centr\u00e9 sur la distribution et les services de maintenances, GIMCO a rapidement mis en place un laboratoire de m\u00e9trologie selon les exigences de la norme NF EN&hellip;\" \/>\n<meta property=\"og:url\" content=\"https:\/\/www.gimco.fr\/index.php\/societe\/\" \/>\n<meta property=\"og:site_name\" content=\"GIMCO\" \/>\n<meta property=\"article:modified_time\" content=\"2025-08-19T16:50:08+00:00\" \/>\n<meta property=\"og:image\" content=\"https:\/\/www.gimco.fr\/wp-content\/uploads\/2025\/08\/Facade_GIMCOr-scaled.jpg\" \/>\n\t<meta property=\"og:image:width\" content=\"2560\" \/>\n\t<meta property=\"og:image:height\" content=\"1291\" \/>\n\t<meta property=\"og:image:type\" content=\"image\/jpeg\" \/>\n<meta name=\"twitter:card\" content=\"summary_large_image\" \/>\n<meta name=\"twitter:label1\" content=\"Dur\u00e9e de lecture estim\u00e9e\" \/>\n\t<meta name=\"twitter:data1\" content=\"1 minute\" \/>\n<script type=\"application\/ld+json\" class=\"yoast-schema-graph\">{\"@context\":\"https:\\\/\\\/schema.org\",\"@graph\":[{\"@type\":\"WebPage\",\"@id\":\"https:\\\/\\\/www.gimco.fr\\\/index.php\\\/societe\\\/\",\"url\":\"https:\\\/\\\/www.gimco.fr\\\/index.php\\\/societe\\\/\",\"name\":\"Soci\u00e9t\u00e9 - GIMCO\",\"isPartOf\":{\"@id\":\"https:\\\/\\\/www.gimco.fr\\\/#website\"},\"primaryImageOfPage\":{\"@id\":\"https:\\\/\\\/www.gimco.fr\\\/index.php\\\/societe\\\/#primaryimage\"},\"image\":{\"@id\":\"https:\\\/\\\/www.gimco.fr\\\/index.php\\\/societe\\\/#primaryimage\"},\"thumbnailUrl\":\"https:\\\/\\\/www.gimco.fr\\\/wp-content\\\/uploads\\\/2025\\\/08\\\/Facade_GIMCOr-1024x516.jpg\",\"datePublished\":\"2019-04-18T11:16:34+00:00\",\"dateModified\":\"2025-08-19T16:50:08+00:00\",\"breadcrumb\":{\"@id\":\"https:\\\/\\\/www.gimco.fr\\\/index.php\\\/societe\\\/#breadcrumb\"},\"inLanguage\":\"fr-FR\",\"potentialAction\":[{\"@type\":\"ReadAction\",\"target\":[\"https:\\\/\\\/www.gimco.fr\\\/index.php\\\/societe\\\/\"]}]},{\"@type\":\"ImageObject\",\"inLanguage\":\"fr-FR\",\"@id\":\"https:\\\/\\\/www.gimco.fr\\\/index.php\\\/societe\\\/#primaryimage\",\"url\":\"https:\\\/\\\/www.gimco.fr\\\/wp-content\\\/uploads\\\/2025\\\/08\\\/Facade_GIMCOr-scaled.jpg\",\"contentUrl\":\"https:\\\/\\\/www.gimco.fr\\\/wp-content\\\/uploads\\\/2025\\\/08\\\/Facade_GIMCOr-scaled.jpg\",\"width\":2560,\"height\":1291,\"caption\":\"Laboratoire de M\u00e9trologie GIMCO de BADUEL\"},{\"@type\":\"BreadcrumbList\",\"@id\":\"https:\\\/\\\/www.gimco.fr\\\/index.php\\\/societe\\\/#breadcrumb\",\"itemListElement\":[{\"@type\":\"ListItem\",\"position\":1,\"name\":\"Accueil\",\"item\":\"https:\\\/\\\/www.gimco.fr\\\/\"},{\"@type\":\"ListItem\",\"position\":2,\"name\":\"Soci\u00e9t\u00e9\"}]},{\"@type\":\"WebSite\",\"@id\":\"https:\\\/\\\/www.gimco.fr\\\/#website\",\"url\":\"https:\\\/\\\/www.gimco.fr\\\/\",\"name\":\"GIMCO\",\"description\":\"Laboratoire de m\u00e9trologie\",\"publisher\":{\"@id\":\"https:\\\/\\\/www.gimco.fr\\\/#organization\"},\"potentialAction\":[{\"@type\":\"SearchAction\",\"target\":{\"@type\":\"EntryPoint\",\"urlTemplate\":\"https:\\\/\\\/www.gimco.fr\\\/?s={search_term_string}\"},\"query-input\":{\"@type\":\"PropertyValueSpecification\",\"valueRequired\":true,\"valueName\":\"search_term_string\"}}],\"inLanguage\":\"fr-FR\"},{\"@type\":\"Organization\",\"@id\":\"https:\\\/\\\/www.gimco.fr\\\/#organization\",\"name\":\"GIMCO\",\"url\":\"https:\\\/\\\/www.gimco.fr\\\/\",\"logo\":{\"@type\":\"ImageObject\",\"inLanguage\":\"fr-FR\",\"@id\":\"https:\\\/\\\/www.gimco.fr\\\/#\\\/schema\\\/logo\\\/image\\\/\",\"url\":\"https:\\\/\\\/www.gimco.fr\\\/wp-content\\\/uploads\\\/2025\\\/08\\\/cropped-GIMCO-LOGO-scaled-e1755623375837.jpg\",\"contentUrl\":\"https:\\\/\\\/www.gimco.fr\\\/wp-content\\\/uploads\\\/2025\\\/08\\\/cropped-GIMCO-LOGO-scaled-e1755623375837.jpg\",\"width\":335,\"height\":87,\"caption\":\"GIMCO\"},\"image\":{\"@id\":\"https:\\\/\\\/www.gimco.fr\\\/#\\\/schema\\\/logo\\\/image\\\/\"}}]}<\/script>\n<!-- \/ Yoast SEO plugin. -->","yoast_head_json":{"title":"Soci\u00e9t\u00e9 - GIMCO","robots":{"index":"index","follow":"follow","max-snippet":"max-snippet:-1","max-image-preview":"max-image-preview:large","max-video-preview":"max-video-preview:-1"},"canonical":"https:\/\/www.gimco.fr\/index.php\/societe\/","og_locale":"fr_FR","og_type":"article","og_title":"Soci\u00e9t\u00e9 - GIMCO","og_description":"La soci\u00e9t\u00e9 GIMCO Historique La soci\u00e9t\u00e9 GIMCO a \u00e9t\u00e9 cr\u00e9e en 2015 en Guyane Fran\u00e7aise avec pour objectif d&rsquo;apporter des solutions aux h\u00f4pitaux et laboratoires Guyanais. Au d\u00e9but centr\u00e9 sur la distribution et les services de maintenances, GIMCO a rapidement mis en place un laboratoire de m\u00e9trologie selon les exigences de la norme NF EN&hellip;","og_url":"https:\/\/www.gimco.fr\/index.php\/societe\/","og_site_name":"GIMCO","article_modified_time":"2025-08-19T16:50:08+00:00","og_image":[{"width":2560,"height":1291,"url":"https:\/\/www.gimco.fr\/wp-content\/uploads\/2025\/08\/Facade_GIMCOr-scaled.jpg","type":"image\/jpeg"}],"twitter_card":"summary_large_image","twitter_misc":{"Dur\u00e9e de lecture estim\u00e9e":"1 minute"},"schema":{"@context":"https:\/\/schema.org","@graph":[{"@type":"WebPage","@id":"https:\/\/www.gimco.fr\/index.php\/societe\/","url":"https:\/\/www.gimco.fr\/index.php\/societe\/","name":"Soci\u00e9t\u00e9 - GIMCO","isPartOf":{"@id":"https:\/\/www.gimco.fr\/#website"},"primaryImageOfPage":{"@id":"https:\/\/www.gimco.fr\/index.php\/societe\/#primaryimage"},"image":{"@id":"https:\/\/www.gimco.fr\/index.php\/societe\/#primaryimage"},"thumbnailUrl":"https:\/\/www.gimco.fr\/wp-content\/uploads\/2025\/08\/Facade_GIMCOr-1024x516.jpg","datePublished":"2019-04-18T11:16:34+00:00","dateModified":"2025-08-19T16:50:08+00:00","breadcrumb":{"@id":"https:\/\/www.gimco.fr\/index.php\/societe\/#breadcrumb"},"inLanguage":"fr-FR","potentialAction":[{"@type":"ReadAction","target":["https:\/\/www.gimco.fr\/index.php\/societe\/"]}]},{"@type":"ImageObject","inLanguage":"fr-FR","@id":"https:\/\/www.gimco.fr\/index.php\/societe\/#primaryimage","url":"https:\/\/www.gimco.fr\/wp-content\/uploads\/2025\/08\/Facade_GIMCOr-scaled.jpg","contentUrl":"https:\/\/www.gimco.fr\/wp-content\/uploads\/2025\/08\/Facade_GIMCOr-scaled.jpg","width":2560,"height":1291,"caption":"Laboratoire de M\u00e9trologie GIMCO de BADUEL"},{"@type":"BreadcrumbList","@id":"https:\/\/www.gimco.fr\/index.php\/societe\/#breadcrumb","itemListElement":[{"@type":"ListItem","position":1,"name":"Accueil","item":"https:\/\/www.gimco.fr\/"},{"@type":"ListItem","position":2,"name":"Soci\u00e9t\u00e9"}]},{"@type":"WebSite","@id":"https:\/\/www.gimco.fr\/#website","url":"https:\/\/www.gimco.fr\/","name":"GIMCO","description":"Laboratoire de m\u00e9trologie","publisher":{"@id":"https:\/\/www.gimco.fr\/#organization"},"potentialAction":[{"@type":"SearchAction","target":{"@type":"EntryPoint","urlTemplate":"https:\/\/www.gimco.fr\/?s={search_term_string}"},"query-input":{"@type":"PropertyValueSpecification","valueRequired":true,"valueName":"search_term_string"}}],"inLanguage":"fr-FR"},{"@type":"Organization","@id":"https:\/\/www.gimco.fr\/#organization","name":"GIMCO","url":"https:\/\/www.gimco.fr\/","logo":{"@type":"ImageObject","inLanguage":"fr-FR","@id":"https:\/\/www.gimco.fr\/#\/schema\/logo\/image\/","url":"https:\/\/www.gimco.fr\/wp-content\/uploads\/2025\/08\/cropped-GIMCO-LOGO-scaled-e1755623375837.jpg","contentUrl":"https:\/\/www.gimco.fr\/wp-content\/uploads\/2025\/08\/cropped-GIMCO-LOGO-scaled-e1755623375837.jpg","width":335,"height":87,"caption":"GIMCO"},"image":{"@id":"https:\/\/www.gimco.fr\/#\/schema\/logo\/image\/"}}]}},"jetpack_sharing_enabled":true,"_links":{"self":[{"href":"https:\/\/www.gimco.fr\/index.php\/wp-json\/wp\/v2\/pages\/53","targetHints":{"allow":["GET"]}}],"collection":[{"href":"https:\/\/www.gimco.fr\/index.php\/wp-json\/wp\/v2\/pages"}],"about":[{"href":"https:\/\/www.gimco.fr\/index.php\/wp-json\/wp\/v2\/types\/page"}],"author":[{"embeddable":true,"href":"https:\/\/www.gimco.fr\/index.php\/wp-json\/wp\/v2\/users\/2"}],"replies":[{"embeddable":true,"href":"https:\/\/www.gimco.fr\/index.php\/wp-json\/wp\/v2\/comments?post=53"}],"version-history":[{"count":33,"href":"https:\/\/www.gimco.fr\/index.php\/wp-json\/wp\/v2\/pages\/53\/revisions"}],"predecessor-version":[{"id":1127,"href":"https:\/\/www.gimco.fr\/index.php\/wp-json\/wp\/v2\/pages\/53\/revisions\/1127"}],"wp:attachment":[{"href":"https:\/\/www.gimco.fr\/index.php\/wp-json\/wp\/v2\/media?parent=53"}],"curies":[{"name":"wp","href":"https:\/\/api.w.org\/{rel}","templated":true}]}}